{"id":2289,"date":"2017-07-08T17:45:25","date_gmt":"2017-07-08T15:45:25","guid":{"rendered":"http:\/\/www.svetilka-dom.si\/tinki-svetila\/?page_id=2289"},"modified":"2017-07-24T09:17:25","modified_gmt":"2017-07-24T07:17:25","slug":"retro-stikala","status":"publish","type":"page","link":"https:\/\/www.svetilka-dom.si\/tinki-svetila\/retro-stikala\/","title":{"rendered":"Retro stikala"},"content":{"rendered":"<p>[vc_row][vc_column][block_title padding_desc=&#8221;16%&#8221; title=&#8221;Dobro je vedeti&#8221;]<span class=\"Body-C-C10\">Uporabljeni materiali porcelan, bakelit in duroplast imajo dolgo tradicijo, so izolanti in so kos tudi bistveno vi\u0161ji napetosti, prenesejo toploto in ogenj precej dlje od povpre\u010dja in so zelo odporni na mo\u010dnej\u0161e strese (\u0161ok, praske), prav tako pa jih je mogo\u010de enostavno negovati z doma\u010dimi \u010distili. Njihova prednost je, da se ne spremenijo in dolgoro\u010dno gledano, njihova barva ne izginja in ne porumeni.<\/span>[\/block_title][\/vc_column][\/vc_row][vc_row type=&#8221;full_width_background&#8221; bg_color=&#8221;#f5f5f5&#8243;][vc_column width=&#8221;1\/2&#8243;][media image=&#8221;1862&#8243;][\/vc_column][vc_column width=&#8221;1\/2&#8243;][block_title style=&#8221;column_title&#8221; title=&#8221;Serija podometnih stikal iz porcelana&#8221; second_title=&#8221;prera\u010dunljivost namesto luksuza..&#8221;][\/block_title][vc_column_text]<span class=\"Body-C-C11\">Lep material, neuni\u010dljiv in enostaven za \u010di\u0161\u010denje, gladek, steklen izgled, robusten, najbolj\u0161a izbira. Ne le zaradi svojih estetskih lastnosti, ampak tudi zaradi svojih inherentnih (nelo\u010dljivo povezanih) tehni\u010dnih lastnostih: je dielektri\u010dno odporen, odporen proti staranju in izredne trdote, lahko prenese ogenj in \u00a0toploto in tako izpolnjuje pomembno funkcijo v zvezi s prepre\u010devanjem izgub. <\/span><\/p>\n<p class=\"Body-P-P1\"><span class=\"Body-C-C11\">Rezultat &#8211; sistem stikal iz porcelana: je funkcionalen <\/span><span class=\"Body-C-C12\">(zaradi tehni\u010dno dodelanega notranjega-<wbr \/>preklopnega dela stikala)<\/span><span class=\"Body-C-C11\">, kot tudi vrhunsko estetsko oblikovan in to na tri na\u010dine: vizualno, hapti\u010dno <\/span><span class=\"Body-C-C12\">(daje mo\u017enost dojemanja v treh razse\u017enostih)<\/span><span class=\"Body-C-C11\"> in tudi akusti\u010dno.<\/span><\/p>\n<p><strong><span class=\"Body-C-C13\">Izdelano za desetletja uporabe.<\/span><\/strong><\/p>\n<p><strong><span style=\"color: #329bff;\">Dobavljivo samo kot modularno-sestavljivi program stikal\u00a0 <\/span><\/strong><span style=\"color: #000000;\">&#8211;\u00a0 t<\/span>orej element (stikalo, vti\u010dnica&#8230;) + okvir (enojni, dvojni&#8230;) posebej.[\/vc_column_text][\/vc_column][\/vc_row][vc_row][vc_column][vc_text_separator title=&#8221;Nekaj sistemov stikalnih elementov iz porcelana (klikni na sliko za pove\u010davo)&#8221; border_width=&#8221;2&#8243;][\/vc_column][\/vc_row][vc_row bg_color=&#8221;#ffffff&#8221;][vc_column][vc_masonry_media_grid initial_loading_animation=&#8221;fadeIn&#8221; grid_id=&#8221;vc_gid:1500745505574-dd09d62a-5503-8&#8243; include=&#8221;2408,2373,2344,2360&#8243;][\/vc_column][\/vc_row][vc_row type=&#8221;full_width_content&#8221;][vc_column][vc_text_separator title=&#8221;Ve\u010d najdete v Tinki trgovini&#8221; border_width=&#8221;2&#8243;][\/vc_column][\/vc_row][vc_row][vc_column][vc_column_text]<\/p>\n<p class=\"Body-P-P1\"><div class=\"codeless_sc\"><div class=\"blockquote\" >O<span class=\"Body-C-C10\">kvir\u00a0 enojni, dvojni ali ve\u010d kot modularni sistem.<\/span><\/p>\n<div>\n<p class=\"Body-P-P1\"><span class=\"Body-C-C10\">Pri razvoju \u00a0sistema stikal iz \u00a0porcelana smo postavili poseben poudarek na skladnosti posameznih delov. Stikala in vti\u010dnice so brez zunanjega okirja. Sistem ponuja <\/span><span class=\"Body-C-C10\">enojne in dvojne okvirje kot celoto ter <\/span><span class=\"Body-C-C10\">modularni sestavljivi program z ve\u010d kombinacijami razli\u010dnih ali enakih elementov v nizu (\u0161tevilo elementov neomejeno).<br \/>\n<\/span><\/p>\n<p><span class=\"Body-C-C10\">Izjema so elementi za: anteno, telefon, podatke in audio.\u00a0 To je okvir z nekoliko ve\u010djim notranjim premerom zato je treba paziti pri naro\u010danju. Modularni sistem okirjev je zasnovan kot zunanji del stikala in je uporaben v mnogih kombinacijah, je v skladu s standardi razdalj pri monta\u017ei in se lahko uporabi v \u017ee izdelanih projektih. Vti\u010dnice so na razpolago z otro\u0161ko za\u0161\u010dito ali brez.\u00a0<\/span><\/p>\n<p><strong><span class=\"Body-C-C10\" style=\"color: #329bff;\"> V trgovini Tinki z retro programom najdete ves stikalni program porcelana.<\/span><\/strong><br \/><span class=\"source\"><\/span><\/div><\/div>\n<\/div>\n<p>[\/vc_column_text][\/vc_column][\/vc_row][vc_row type=&#8221;full_width_background&#8221; bg_color=&#8221;#329bff&#8221; text_color=&#8221;light&#8221; top_padding=&#8221;30&#8243; bottom_padding=&#8221;30&#8243;][vc_column][textbar title=&#8221;Imate vpra\u0161anje ? Pokli\u010dite 051 425 276 ali nam pi\u0161ite.&#8221; button_title=&#8221;Pi\u0161ite nam&#8221; button_link=&#8221;http:\/\/www.svetilka-dom.si\/tinki-svetila\/kontakt\/&#8221; icon=&#8221;steadysets-icon-email2&#8243;][\/vc_column][\/vc_row][vc_row][vc_column width=&#8221;1\/2&#8243;][block_title style=&#8221;column_title&#8221; title=&#8221;Serija podometnih stikal iz Bakelita&#8221; second_title=&#8221;.. je odlo\u010ditev za preklop na \u010drno&#8221;][\/block_title][vc_column_text]<\/p>\n<p class=\"Body-Text-015-P\"><span class=\"Placeholder-C\">Na za\u010detku dvajsetega stoletja so razvili nove materiale za stikala, eden izmed njih je postal znan pod imenom Bakelit <\/span><span class=\"Body-Text-015-C\">(fenol-<wbr \/>formaldehidne smole). Trden in krhek material pod vplivom tlaka in toplote preide v homogeno, koherentno maso, ki se ne bo stopila, je odporna in prakti\u010dno neob\u010dutljiva proti \u0161tevilnim snovem, ter ima odli\u010dne izolacijske lastnosti. <\/span><\/p>\n<p><span class=\"Placeholder-C\">Bakelit je idealen material za elektri\u010dne namene, je \u00a0te\u017eji od sodobnih materialov, na dotik in tudi vizualno deluje precej bolj ugodno. Ni ga mogo\u010de obdelati z brizganjem, ampak samo v \u201cmatrici-<wbr \/>kalupu\u201d, v katerem je surova zmes neposredno izpostavljena velikem pritisku in vro\u010dini.<\/span><\/p>\n<p><span class=\"Body-Text-015-C\">V dana\u0161njem \u010dasu se bakelit uporablja za ro\u010daje in stikala, najve\u010d pa v avto-<wbr \/>industriji, kjer je potreben odporen in vzdr\u017eljiv material.<\/span><\/p>\n<p><strong><span style=\"color: #329bff;\">Dobavljiv kot modularno-sestavljivi sistem\u00a0 <\/span><\/strong><span style=\"color: #000000;\">&#8211;\u00a0 <\/span>element (stikalo, vti\u010dnica&#8230;)\u00a0 + okvir (enojni, dvojni&#8230;) posebej.[\/vc_column_text][\/vc_column][vc_column width=&#8221;1\/2&#8243;][media image=&#8221;2388&#8243;][\/vc_column][\/vc_row][vc_row][vc_column][vc_text_separator title=&#8221;Nekaj sistemov stikalnih elementov iz bakelita (klikni na sliko za pove\u010davo)&#8221; border_width=&#8221;2&#8243;][\/vc_column][\/vc_row][vc_row][vc_column][vc_masonry_media_grid grid_id=&#8221;vc_gid:1500745505588-9c23cb64-a0d6-5&#8243; include=&#8221;2396,2397,2344&#8243;][vc_masonry_media_grid element_width=&#8221;6&#8243; grid_id=&#8221;vc_gid:1500745505592-cb5acd0c-fa61-3&#8243; include=&#8221;2398,2399&#8243;][\/vc_column][\/vc_row][vc_row][vc_column][vc_text_separator title=&#8221;Ve\u010d najdete v Tinki trgovini&#8221; border_width=&#8221;2&#8243;][\/vc_column][\/vc_row][vc_row][vc_column][vc_column_text]<\/p>\n<p class=\"Body-P-P1\"><div class=\"codeless_sc\"><div class=\"blockquote\" >O<span class=\"Body-C-C10\">kvirji so enojni in dvojni fiksni ali za ve\u010d enot kot modularni sistem.<\/span><\/p>\n<div>\n<p class=\"Body-P-P1\"><span class=\"Body-C-C10\">Sistemu okvirjev iz\u00a0 bakelita smo dodali poleg okroglih \u0161e kvadratne okvirje za eno do \u0161tiri enote (stikalne elemente). <\/span><\/p>\n<p class=\"Body-P-P1\"><span class=\"Body-C-C10\">Stikala in vti\u010dnice (stikalni elementi) so brez zunanjega okvirja-pokrova. Sistem ponuja fiksne <\/span><span class=\"Body-C-C10\">enojne ali dvojne okrogle okvirje in okvirje za <\/span><span class=\"Body-C-C10\">modularno sestavo elementov, prav tako ponujamo tudi kvadratne okvirje, ki so omejeni na max. \u0161tiri enote v nizu.<br \/>\n<\/span><\/p>\n<p><span class=\"Body-C-C10\">Izjema so elementi za: anteno, telefon, podatke in audio.\u00a0 To je okvir z nekoliko ve\u010djim notranjim premerom zato je treba paziti pri naro\u010danju. Modularni sistem okirjev je zasnovan kot zunanji del stikala in je uporaben v mnogih kombinacijah, je v skladu s standardi razdalj pri monta\u017ei in se lahko uporabi v \u017ee izdelanih projektih. Vti\u010dnice so na razpolago z otro\u0161ko za\u0161\u010dito ali brez. <\/span><\/p>\n<p><strong><span style=\"color: #329bff;\">Modularne stikalne elemente iz bakelita lahko uporabite tudi z sistemom steklenih okvirjev ali v kombinaciji z tapeto.<\/span><\/strong><br \/><span class=\"source\"><\/span><\/div><\/div>\n<p>&nbsp;<\/p>\n<\/div>\n<p>[\/vc_column_text][\/vc_column][\/vc_row][vc_row type=&#8221;full_width_background&#8221; bg_color=&#8221;#329bff&#8221; text_color=&#8221;light&#8221; top_padding=&#8221;30&#8243; bottom_padding=&#8221;30&#8243;][vc_column][textbar title=&#8221;Kompleten program stikal najdete v na\u0161i trgovini&#8221; button_title=&#8221;trgovina tinki&#8221; button_link=&#8221;http:\/\/www.svetilka-dom.si\/tinki-svetila\/kontakt\/&#8221; icon=&#8221;moon-arrow-right-5&#8243;][\/vc_column][\/vc_row][vc_row][vc_column width=&#8221;1\/2&#8243;][media image=&#8221;2410&#8243;][\/vc_column][vc_column width=&#8221;1\/2&#8243;][block_title style=&#8221;column_title&#8221; title=&#8221;Serija podometnih stikal iz Duroplasta&#8221; second_title=&#8221;tudi beli bakelit&#8221;][\/block_title][vc_column_text]<\/p>\n<p class=\"Body-Text-015-P\"><span class=\"Body-Text-015-C\"><span class=\"Body-C-C9\">Duroplasti &#8211;<wbr \/> odlikuje jih predvsem velika temperaturna obstojnost in trdnost. Podpirajo svetle barve zaradi \u010desar so lahko priro\u010dna alternativa porcelanasti seriji stikal, za razliko od za\u0161\u010ditene blagovne znamke Bakelit-<wbr \/>a, ki je vedno \u010drn.<\/span><\/span><\/p>\n<p><span class=\"Placeholder-C\"><span class=\"Body-C-C9\">Trdi, steklasti polimerni material &#8211;<wbr \/> duroplast se ne topit pri izpostavljanju vro\u010dini ter ima visoko termomehansko mo\u010d. Iz njega so med drugim izdelane gasilske \u010delade. \u0160ele v \u0161estdesetih letih so uspeli razviti metode za obdelavo duroplastov tako, da so bili primereni za injekcijsko brizganje snovi v izdelane kalupe. <span style=\"color: #329bff;\"><strong>Duroplast stikala so prava izbira za stro\u0161kovno u\u010dinkovite elektri\u010dne proizvode v svetlej\u0161ih barvah<\/strong><\/span><\/span><span style=\"color: #329bff;\"><strong>.<\/strong><\/span><\/span><\/p>\n<p><span class=\"Body-Text-015-C\"><span class=\"Body-C-C9\">Stikala in vti\u010dnice so v skladu z varnostnimi predpisi iz VDE. Sistem \u00a0termo-<wbr \/>duroplast stikal je proizveden natanko na enak na\u010din kot \u00a0sistem stikal iz bakelita, v enakih oblikah in na istih strojih. <\/span><\/span><\/p>\n<p><strong><span style=\"color: #329bff;\">Dobavljiv kot modularno-sestavljivi sistem\u00a0 <\/span><\/strong><span style=\"color: #000000;\">&#8211;\u00a0 <\/span>element (stikalo, vti\u010dnica&#8230;)\u00a0 + okvir (enojni, dvojni&#8230;) posebej.[\/vc_column_text][\/vc_column][\/vc_row][vc_row][vc_column][vc_masonry_media_grid grid_id=&#8221;vc_gid:1500745505599-d5cdbdea-fd2d-2&#8243; include=&#8221;2373,2344,2396,2398&#8243;][\/vc_column][\/vc_row]<\/p>\n","protected":false},"excerpt":{"rendered":"<p>[vc_row][vc_column][block_title padding_desc=&#8221;16%&#8221; title=&#8221;Dobro je vedeti&#8221;]Uporabljeni materiali porcelan, bakelit in duroplast imajo dolgo tradicijo, so izolanti in so kos tudi bistveno vi\u0161ji napetosti, prenesejo toploto in ogenj precej dlje od povpre\u010dja in so zelo odporni na mo\u010dnej\u0161e strese (\u0161ok, praske), prav tako pa jih je mogo\u010de enostavno negovati z doma\u010dimi \u010distili. Njihova prednost je, da se [&hellip;]<\/p>\n","protected":false},"author":1,"featured_media":0,"parent":0,"menu_order":3,"comment_status":"closed","ping_status":"closed","template":"","meta":{"footnotes":""},"class_list":["post-2289","page","type-page","status-publish","hentry"],"acf":[],"yoast_head":"<!-- This site is optimized with the Yoast SEO plugin v25.6 - https:\/\/yoast.com\/wordpress\/plugins\/seo\/ -->\n<title>Retro stikala - Svetila Tinki<\/title>\n<meta name=\"robots\" content=\"index, follow, max-snippet:-1, max-image-preview:large, max-video-preview:-1\" \/>\n<link rel=\"canonical\" href=\"https:\/\/www.svetilka-dom.si\/tinki-svetila\/retro-stikala\/\" \/>\n<meta property=\"og:locale\" content=\"sl_SI\" \/>\n<meta property=\"og:type\" content=\"article\" \/>\n<meta property=\"og:title\" content=\"Retro stikala - Svetila Tinki\" \/>\n<meta property=\"og:description\" content=\"[vc_row][vc_column][block_title padding_desc=&#8221;16%&#8221; title=&#8221;Dobro je vedeti&#8221;]Uporabljeni materiali porcelan, bakelit in duroplast imajo dolgo tradicijo, so izolanti in so kos tudi bistveno vi\u0161ji napetosti, prenesejo toploto in ogenj precej dlje od povpre\u010dja in so zelo odporni na mo\u010dnej\u0161e strese (\u0161ok, praske), prav tako pa jih je mogo\u010de enostavno negovati z doma\u010dimi \u010distili. Njihova prednost je, da se [&hellip;]\" \/>\n<meta property=\"og:url\" content=\"https:\/\/www.svetilka-dom.si\/tinki-svetila\/retro-stikala\/\" \/>\n<meta property=\"og:site_name\" content=\"Svetila Tinki\" \/>\n<meta property=\"article:modified_time\" content=\"2017-07-24T07:17:25+00:00\" \/>\n<meta name=\"twitter:card\" content=\"summary_large_image\" \/>\n<meta name=\"twitter:label1\" content=\"Est. reading time\" \/>\n\t<meta name=\"twitter:data1\" content=\"6 minut\" \/>\n<script type=\"application\/ld+json\" class=\"yoast-schema-graph\">{\"@context\":\"https:\/\/schema.org\",\"@graph\":[{\"@type\":\"WebPage\",\"@id\":\"https:\/\/www.svetilka-dom.si\/tinki-svetila\/retro-stikala\/\",\"url\":\"https:\/\/www.svetilka-dom.si\/tinki-svetila\/retro-stikala\/\",\"name\":\"Retro stikala - Svetila Tinki\",\"isPartOf\":{\"@id\":\"https:\/\/www.svetilka-dom.si\/tinki-svetila\/#website\"},\"datePublished\":\"2017-07-08T15:45:25+00:00\",\"dateModified\":\"2017-07-24T07:17:25+00:00\",\"breadcrumb\":{\"@id\":\"https:\/\/www.svetilka-dom.si\/tinki-svetila\/retro-stikala\/#breadcrumb\"},\"inLanguage\":\"sl-SI\",\"potentialAction\":[{\"@type\":\"ReadAction\",\"target\":[\"https:\/\/www.svetilka-dom.si\/tinki-svetila\/retro-stikala\/\"]}]},{\"@type\":\"BreadcrumbList\",\"@id\":\"https:\/\/www.svetilka-dom.si\/tinki-svetila\/retro-stikala\/#breadcrumb\",\"itemListElement\":[{\"@type\":\"ListItem\",\"position\":1,\"name\":\"Home\",\"item\":\"https:\/\/www.svetilka-dom.si\/tinki-svetila\/\"},{\"@type\":\"ListItem\",\"position\":2,\"name\":\"Retro stikala\"}]},{\"@type\":\"WebSite\",\"@id\":\"https:\/\/www.svetilka-dom.si\/tinki-svetila\/#website\",\"url\":\"https:\/\/www.svetilka-dom.si\/tinki-svetila\/\",\"name\":\"Svetila Tinki\",\"description\":\"Katalo\u0161ka prodaja svetil in Retro trgovina\",\"publisher\":{\"@id\":\"https:\/\/www.svetilka-dom.si\/tinki-svetila\/#organization\"},\"potentialAction\":[{\"@type\":\"SearchAction\",\"target\":{\"@type\":\"EntryPoint\",\"urlTemplate\":\"https:\/\/www.svetilka-dom.si\/tinki-svetila\/?s={search_term_string}\"},\"query-input\":{\"@type\":\"PropertyValueSpecification\",\"valueRequired\":true,\"valueName\":\"search_term_string\"}}],\"inLanguage\":\"sl-SI\"},{\"@type\":\"Organization\",\"@id\":\"https:\/\/www.svetilka-dom.si\/tinki-svetila\/#organization\",\"name\":\"TINKI, Tilen \u0160enk s.p.\",\"url\":\"https:\/\/www.svetilka-dom.si\/tinki-svetila\/\",\"logo\":{\"@type\":\"ImageObject\",\"inLanguage\":\"sl-SI\",\"@id\":\"https:\/\/www.svetilka-dom.si\/tinki-svetila\/#\/schema\/logo\/image\/\",\"url\":\"https:\/\/www.svetilka-dom.si\/tinki-svetila\/wp-content\/uploads\/2017\/04\/tinki-logo_100.png\",\"contentUrl\":\"https:\/\/www.svetilka-dom.si\/tinki-svetila\/wp-content\/uploads\/2017\/04\/tinki-logo_100.png\",\"width\":100,\"height\":47,\"caption\":\"TINKI, Tilen \u0160enk s.p.\"},\"image\":{\"@id\":\"https:\/\/www.svetilka-dom.si\/tinki-svetila\/#\/schema\/logo\/image\/\"}}]}<\/script>\n<!-- \/ Yoast SEO plugin. -->","yoast_head_json":{"title":"Retro stikala - Svetila Tinki","robots":{"index":"index","follow":"follow","max-snippet":"max-snippet:-1","max-image-preview":"max-image-preview:large","max-video-preview":"max-video-preview:-1"},"canonical":"https:\/\/www.svetilka-dom.si\/tinki-svetila\/retro-stikala\/","og_locale":"sl_SI","og_type":"article","og_title":"Retro stikala - Svetila Tinki","og_description":"[vc_row][vc_column][block_title padding_desc=&#8221;16%&#8221; title=&#8221;Dobro je vedeti&#8221;]Uporabljeni materiali porcelan, bakelit in duroplast imajo dolgo tradicijo, so izolanti in so kos tudi bistveno vi\u0161ji napetosti, prenesejo toploto in ogenj precej dlje od povpre\u010dja in so zelo odporni na mo\u010dnej\u0161e strese (\u0161ok, praske), prav tako pa jih je mogo\u010de enostavno negovati z doma\u010dimi \u010distili. Njihova prednost je, da se [&hellip;]","og_url":"https:\/\/www.svetilka-dom.si\/tinki-svetila\/retro-stikala\/","og_site_name":"Svetila Tinki","article_modified_time":"2017-07-24T07:17:25+00:00","twitter_card":"summary_large_image","twitter_misc":{"Est. reading time":"6 minut"},"schema":{"@context":"https:\/\/schema.org","@graph":[{"@type":"WebPage","@id":"https:\/\/www.svetilka-dom.si\/tinki-svetila\/retro-stikala\/","url":"https:\/\/www.svetilka-dom.si\/tinki-svetila\/retro-stikala\/","name":"Retro stikala - Svetila Tinki","isPartOf":{"@id":"https:\/\/www.svetilka-dom.si\/tinki-svetila\/#website"},"datePublished":"2017-07-08T15:45:25+00:00","dateModified":"2017-07-24T07:17:25+00:00","breadcrumb":{"@id":"https:\/\/www.svetilka-dom.si\/tinki-svetila\/retro-stikala\/#breadcrumb"},"inLanguage":"sl-SI","potentialAction":[{"@type":"ReadAction","target":["https:\/\/www.svetilka-dom.si\/tinki-svetila\/retro-stikala\/"]}]},{"@type":"BreadcrumbList","@id":"https:\/\/www.svetilka-dom.si\/tinki-svetila\/retro-stikala\/#breadcrumb","itemListElement":[{"@type":"ListItem","position":1,"name":"Home","item":"https:\/\/www.svetilka-dom.si\/tinki-svetila\/"},{"@type":"ListItem","position":2,"name":"Retro stikala"}]},{"@type":"WebSite","@id":"https:\/\/www.svetilka-dom.si\/tinki-svetila\/#website","url":"https:\/\/www.svetilka-dom.si\/tinki-svetila\/","name":"Svetila Tinki","description":"Katalo\u0161ka prodaja svetil in Retro trgovina","publisher":{"@id":"https:\/\/www.svetilka-dom.si\/tinki-svetila\/#organization"},"potentialAction":[{"@type":"SearchAction","target":{"@type":"EntryPoint","urlTemplate":"https:\/\/www.svetilka-dom.si\/tinki-svetila\/?s={search_term_string}"},"query-input":{"@type":"PropertyValueSpecification","valueRequired":true,"valueName":"search_term_string"}}],"inLanguage":"sl-SI"},{"@type":"Organization","@id":"https:\/\/www.svetilka-dom.si\/tinki-svetila\/#organization","name":"TINKI, Tilen \u0160enk s.p.","url":"https:\/\/www.svetilka-dom.si\/tinki-svetila\/","logo":{"@type":"ImageObject","inLanguage":"sl-SI","@id":"https:\/\/www.svetilka-dom.si\/tinki-svetila\/#\/schema\/logo\/image\/","url":"https:\/\/www.svetilka-dom.si\/tinki-svetila\/wp-content\/uploads\/2017\/04\/tinki-logo_100.png","contentUrl":"https:\/\/www.svetilka-dom.si\/tinki-svetila\/wp-content\/uploads\/2017\/04\/tinki-logo_100.png","width":100,"height":47,"caption":"TINKI, Tilen \u0160enk s.p."},"image":{"@id":"https:\/\/www.svetilka-dom.si\/tinki-svetila\/#\/schema\/logo\/image\/"}}]}},"_links":{"self":[{"href":"https:\/\/www.svetilka-dom.si\/tinki-svetila\/wp-json\/wp\/v2\/pages\/2289","targetHints":{"allow":["GET"]}}],"collection":[{"href":"https:\/\/www.svetilka-dom.si\/tinki-svetila\/wp-json\/wp\/v2\/pages"}],"about":[{"href":"https:\/\/www.svetilka-dom.si\/tinki-svetila\/wp-json\/wp\/v2\/types\/page"}],"author":[{"embeddable":true,"href":"https:\/\/www.svetilka-dom.si\/tinki-svetila\/wp-json\/wp\/v2\/users\/1"}],"replies":[{"embeddable":true,"href":"https:\/\/www.svetilka-dom.si\/tinki-svetila\/wp-json\/wp\/v2\/comments?post=2289"}],"version-history":[{"count":0,"href":"https:\/\/www.svetilka-dom.si\/tinki-svetila\/wp-json\/wp\/v2\/pages\/2289\/revisions"}],"wp:attachment":[{"href":"https:\/\/www.svetilka-dom.si\/tinki-svetila\/wp-json\/wp\/v2\/media?parent=2289"}],"curies":[{"name":"wp","href":"https:\/\/api.w.org\/{rel}","templated":true}]}}