{"id":2832,"date":"2017-10-07T17:26:11","date_gmt":"2017-10-07T15:26:11","guid":{"rendered":"http:\/\/www.svetilka-dom.si\/tinki-svetila\/?page_id=2832"},"modified":"2018-11-26T11:18:25","modified_gmt":"2018-11-26T10:18:25","slug":"kako-opraviti-nakup","status":"publish","type":"page","link":"https:\/\/www.svetilka-dom.si\/tinki-svetila\/pogoji-pomoc\/kako-opraviti-nakup\/","title":{"rendered":"Kako opraviti nakup"},"content":{"rendered":"<p>Na spletnem mestu svetilka-dom.si vam Moj ra\u010dun omogo\u010da hiter in preprost dostop do podatkov o va\u0161ih naro\u010dilih. Kot registriran uporabnik imate dostop do \u0161tevilnih podatkov. Tako lahko preverite stanje svojega naro\u010dila ali (\u010de je \u0161e mo\u017eno) spremenite osebne podatke ter naslov za prejemanje ra\u010dunov in dostavo.<\/p>\n<p><strong>1.\u00a0Naro\u010dilo in oddaja naro\u010dila<\/strong><\/p>\n<ul>\n<li>Dodajanje izdelkov v spletno ko\u0161arico: Kupec \u017eeljene izdelke v spletno ko\u0161arico doda s klikom na gumb &#8220;Dodajte v ko\u0161arico&#8221;. Gumb je na voljo na spletni predstavitvi izdelka. Ob vsakem dodajanju izdelka v spletno ko\u0161arico se pojavi povezava, ki vodi do pregleda spletne ko\u0161arice in oddaje naro\u010dila.<\/li>\n<\/ul>\n<ul>\n<li>Pregled spletne ko\u0161arice: V pregledu ko\u0161arice lahko izdelke iz nje odstranite, spreminjate lahko tudi naro\u010deno koli\u010dino izdelkov. V pregledu ko\u0161arice se nahaja povezava na korak prijave ali registracijo kupca.<\/li>\n<\/ul>\n<ul>\n<li>Prijava ali registracija kupca:<br \/>\nKupec se lahko na tem koraku odlo\u010di za nakup s prijavo\/registracijo, ali za neprijavljen nakup. Registrirani kupci lahko v svojem uporabni\u0161kem vmesniku spremljajo arhiv naro\u010dil, stanje odprtih naro\u010dil, urejajo svoje shranjene naslove za izdajo ra\u010duna in naslove za dostavo blaga.<\/li>\n<\/ul>\n<ul>\n<li>Zaklju\u010dni obrazec za oddajo naro\u010dila:<br \/>\nV zaklju\u010dnem obrazcu so navedeni vsi izdelki, njihove cene in koli\u010dine. \u010ce kupec opazi da je pri naro\u010danju izdelkov in koli\u010din storil napako, se lahko vrne na pregled in urejanje spletne ko\u0161arice s klikom na povezavo &#8220;nazaj na seznam izdelkov v ko\u0161arici&#8221;. V zaklju\u010dnem obrazcu kupec ozna\u010di \u0161e na\u010din prevzema, na\u010din pla\u010dila, logisti\u010dne podatke za dostavo blaga, ter osebne podatke oziroma podatke podjetja. Vsa vpisna polja in izbire imajo omogo\u010deno popravljenje vsebine ali spremembo izbire.<\/li>\n<\/ul>\n<ul>\n<li>Oddaja naro\u010dila:<br \/>\nKupec naro\u010dilo odda s klikom na gumb &#8220;S klikom tukaj oddajte va\u0161e naro\u010dilo z obveznostjo pla\u010dila&#8221;<br \/>\nV primeru uspe\u0161no oddanega naro\u010dila, se po oddaji na spletni strani izpi\u0161e potrditveni tekst, po elektronski po\u0161ti pa prejmete izpis naro\u010dila oziroma pogodbo o nakupu. \u010ce potrditvenega teksta ne vidite in hkrati ne prejmete potrditvenega emaila na va\u0161 elektronski naslov, pomeni da je pri\u0161lo bodisi do tehni\u010dne napake, ali napa\u010dno vne\u0161enih podatkov. Postopek lahko ponovite, ali pa nas kontaktirate za pomo\u010d na 051 425 276 ali <a title=\"Email Address\" href=\"mailto:povprasevanje@svetilka-dom.si\">povprasevanje@svetilka-dom.si<\/a>, prav tako nas ne iste kontakte obvestite, \u010de ste po \u017ee oddanem naro\u010dilu opazili napake ali nepravilnosti v naro\u010dilu.<br \/>\nPo oddaji naro\u010dila je naro\u010dilo sprejeto v \u010dakalno vrsto.<\/li>\n<\/ul>\n<p><strong>2.\u00a0Naro\u010dilo potrjeno<\/strong><\/p>\n<ul>\n<li>Po preteku dveh ur od sprejema naro\u010dila v \u010dakalno vrsto, vendar najve\u010d v 72 urah, ponudnik naro\u010dilo pregleda, preveri dobavljivost in naro\u010dilo potrdi. Ponudnik si pridr\u017euje pravico, da po potrebi pokli\u010de kupca na njegovo kontaktno telefonsko \u0161tevilko. Ob potrditvi naro\u010dila ponudnik obvesti kupca po elektronski po\u0161ti ali telefonu o predvidenem roku dostave. Pogodba o nakupu naro\u010denih artiklov med kupcem in ponudnikom je na tej stopnji sklenjena.<\/li>\n<\/ul>\n<p><strong>3.\u00a0Blago odposlano<\/strong><\/p>\n<ul>\n<li>Ponudnik v obljubljenem roku blago zapakira ter odpo\u0161lje.<\/li>\n<\/ul>\n","protected":false},"excerpt":{"rendered":"<p>Na spletnem mestu svetilka-dom.si vam Moj ra\u010dun omogo\u010da hiter in preprost dostop do podatkov o va\u0161ih naro\u010dilih. Kot registriran uporabnik imate dostop do \u0161tevilnih podatkov. Tako lahko preverite stanje svojega naro\u010dila ali (\u010de je \u0161e mo\u017eno) spremenite osebne podatke ter naslov za prejemanje ra\u010dunov in dostavo. 1.\u00a0Naro\u010dilo in oddaja naro\u010dila Dodajanje izdelkov v spletno ko\u0161arico: [&hellip;]<\/p>\n","protected":false},"author":1,"featured_media":0,"parent":2775,"menu_order":4,"comment_status":"closed","ping_status":"closed","template":"","meta":{"footnotes":""},"class_list":["post-2832","page","type-page","status-publish","hentry"],"acf":[],"yoast_head":"<!-- This site is optimized with the Yoast SEO plugin v25.6 - https:\/\/yoast.com\/wordpress\/plugins\/seo\/ -->\n<title>Kako opraviti nakup - Svetila Tinki<\/title>\n<meta name=\"robots\" content=\"index, follow, max-snippet:-1, max-image-preview:large, max-video-preview:-1\" \/>\n<link rel=\"canonical\" href=\"https:\/\/www.svetilka-dom.si\/tinki-svetila\/pogoji-pomoc\/kako-opraviti-nakup\/\" \/>\n<meta property=\"og:locale\" content=\"sl_SI\" \/>\n<meta property=\"og:type\" content=\"article\" \/>\n<meta property=\"og:title\" content=\"Kako opraviti nakup - Svetila Tinki\" \/>\n<meta property=\"og:description\" content=\"Na spletnem mestu svetilka-dom.si vam Moj ra\u010dun omogo\u010da hiter in preprost dostop do podatkov o va\u0161ih naro\u010dilih. Kot registriran uporabnik imate dostop do \u0161tevilnih podatkov. Tako lahko preverite stanje svojega naro\u010dila ali (\u010de je \u0161e mo\u017eno) spremenite osebne podatke ter naslov za prejemanje ra\u010dunov in dostavo. 1.\u00a0Naro\u010dilo in oddaja naro\u010dila Dodajanje izdelkov v spletno ko\u0161arico: [&hellip;]\" \/>\n<meta property=\"og:url\" content=\"https:\/\/www.svetilka-dom.si\/tinki-svetila\/pogoji-pomoc\/kako-opraviti-nakup\/\" \/>\n<meta property=\"og:site_name\" content=\"Svetila Tinki\" \/>\n<meta property=\"article:modified_time\" content=\"2018-11-26T10:18:25+00:00\" \/>\n<meta name=\"twitter:card\" content=\"summary_large_image\" \/>\n<meta name=\"twitter:label1\" content=\"Est. reading time\" \/>\n\t<meta name=\"twitter:data1\" content=\"3 minute\" \/>\n<script type=\"application\/ld+json\" class=\"yoast-schema-graph\">{\"@context\":\"https:\/\/schema.org\",\"@graph\":[{\"@type\":\"WebPage\",\"@id\":\"https:\/\/www.svetilka-dom.si\/tinki-svetila\/pogoji-pomoc\/kako-opraviti-nakup\/\",\"url\":\"https:\/\/www.svetilka-dom.si\/tinki-svetila\/pogoji-pomoc\/kako-opraviti-nakup\/\",\"name\":\"Kako opraviti nakup - Svetila Tinki\",\"isPartOf\":{\"@id\":\"https:\/\/www.svetilka-dom.si\/tinki-svetila\/#website\"},\"datePublished\":\"2017-10-07T15:26:11+00:00\",\"dateModified\":\"2018-11-26T10:18:25+00:00\",\"breadcrumb\":{\"@id\":\"https:\/\/www.svetilka-dom.si\/tinki-svetila\/pogoji-pomoc\/kako-opraviti-nakup\/#breadcrumb\"},\"inLanguage\":\"sl-SI\",\"potentialAction\":[{\"@type\":\"ReadAction\",\"target\":[\"https:\/\/www.svetilka-dom.si\/tinki-svetila\/pogoji-pomoc\/kako-opraviti-nakup\/\"]}]},{\"@type\":\"BreadcrumbList\",\"@id\":\"https:\/\/www.svetilka-dom.si\/tinki-svetila\/pogoji-pomoc\/kako-opraviti-nakup\/#breadcrumb\",\"itemListElement\":[{\"@type\":\"ListItem\",\"position\":1,\"name\":\"Home\",\"item\":\"https:\/\/www.svetilka-dom.si\/tinki-svetila\/\"},{\"@type\":\"ListItem\",\"position\":2,\"name\":\"Pogoji in Pomo\u010d uporabniku\",\"item\":\"https:\/\/www.svetilka-dom.si\/tinki-svetila\/pogoji-pomoc\/\"},{\"@type\":\"ListItem\",\"position\":3,\"name\":\"Kako opraviti nakup\"}]},{\"@type\":\"WebSite\",\"@id\":\"https:\/\/www.svetilka-dom.si\/tinki-svetila\/#website\",\"url\":\"https:\/\/www.svetilka-dom.si\/tinki-svetila\/\",\"name\":\"Svetila Tinki\",\"description\":\"Katalo\u0161ka prodaja svetil in Retro trgovina\",\"publisher\":{\"@id\":\"https:\/\/www.svetilka-dom.si\/tinki-svetila\/#organization\"},\"potentialAction\":[{\"@type\":\"SearchAction\",\"target\":{\"@type\":\"EntryPoint\",\"urlTemplate\":\"https:\/\/www.svetilka-dom.si\/tinki-svetila\/?s={search_term_string}\"},\"query-input\":{\"@type\":\"PropertyValueSpecification\",\"valueRequired\":true,\"valueName\":\"search_term_string\"}}],\"inLanguage\":\"sl-SI\"},{\"@type\":\"Organization\",\"@id\":\"https:\/\/www.svetilka-dom.si\/tinki-svetila\/#organization\",\"name\":\"TINKI, Tilen \u0160enk s.p.\",\"url\":\"https:\/\/www.svetilka-dom.si\/tinki-svetila\/\",\"logo\":{\"@type\":\"ImageObject\",\"inLanguage\":\"sl-SI\",\"@id\":\"https:\/\/www.svetilka-dom.si\/tinki-svetila\/#\/schema\/logo\/image\/\",\"url\":\"https:\/\/www.svetilka-dom.si\/tinki-svetila\/wp-content\/uploads\/2017\/04\/tinki-logo_100.png\",\"contentUrl\":\"https:\/\/www.svetilka-dom.si\/tinki-svetila\/wp-content\/uploads\/2017\/04\/tinki-logo_100.png\",\"width\":100,\"height\":47,\"caption\":\"TINKI, Tilen \u0160enk s.p.\"},\"image\":{\"@id\":\"https:\/\/www.svetilka-dom.si\/tinki-svetila\/#\/schema\/logo\/image\/\"}}]}<\/script>\n<!-- \/ Yoast SEO plugin. -->","yoast_head_json":{"title":"Kako opraviti nakup - Svetila Tinki","robots":{"index":"index","follow":"follow","max-snippet":"max-snippet:-1","max-image-preview":"max-image-preview:large","max-video-preview":"max-video-preview:-1"},"canonical":"https:\/\/www.svetilka-dom.si\/tinki-svetila\/pogoji-pomoc\/kako-opraviti-nakup\/","og_locale":"sl_SI","og_type":"article","og_title":"Kako opraviti nakup - Svetila Tinki","og_description":"Na spletnem mestu svetilka-dom.si vam Moj ra\u010dun omogo\u010da hiter in preprost dostop do podatkov o va\u0161ih naro\u010dilih. Kot registriran uporabnik imate dostop do \u0161tevilnih podatkov. Tako lahko preverite stanje svojega naro\u010dila ali (\u010de je \u0161e mo\u017eno) spremenite osebne podatke ter naslov za prejemanje ra\u010dunov in dostavo. 1.\u00a0Naro\u010dilo in oddaja naro\u010dila Dodajanje izdelkov v spletno ko\u0161arico: [&hellip;]","og_url":"https:\/\/www.svetilka-dom.si\/tinki-svetila\/pogoji-pomoc\/kako-opraviti-nakup\/","og_site_name":"Svetila Tinki","article_modified_time":"2018-11-26T10:18:25+00:00","twitter_card":"summary_large_image","twitter_misc":{"Est. reading time":"3 minute"},"schema":{"@context":"https:\/\/schema.org","@graph":[{"@type":"WebPage","@id":"https:\/\/www.svetilka-dom.si\/tinki-svetila\/pogoji-pomoc\/kako-opraviti-nakup\/","url":"https:\/\/www.svetilka-dom.si\/tinki-svetila\/pogoji-pomoc\/kako-opraviti-nakup\/","name":"Kako opraviti nakup - Svetila Tinki","isPartOf":{"@id":"https:\/\/www.svetilka-dom.si\/tinki-svetila\/#website"},"datePublished":"2017-10-07T15:26:11+00:00","dateModified":"2018-11-26T10:18:25+00:00","breadcrumb":{"@id":"https:\/\/www.svetilka-dom.si\/tinki-svetila\/pogoji-pomoc\/kako-opraviti-nakup\/#breadcrumb"},"inLanguage":"sl-SI","potentialAction":[{"@type":"ReadAction","target":["https:\/\/www.svetilka-dom.si\/tinki-svetila\/pogoji-pomoc\/kako-opraviti-nakup\/"]}]},{"@type":"BreadcrumbList","@id":"https:\/\/www.svetilka-dom.si\/tinki-svetila\/pogoji-pomoc\/kako-opraviti-nakup\/#breadcrumb","itemListElement":[{"@type":"ListItem","position":1,"name":"Home","item":"https:\/\/www.svetilka-dom.si\/tinki-svetila\/"},{"@type":"ListItem","position":2,"name":"Pogoji in Pomo\u010d uporabniku","item":"https:\/\/www.svetilka-dom.si\/tinki-svetila\/pogoji-pomoc\/"},{"@type":"ListItem","position":3,"name":"Kako opraviti nakup"}]},{"@type":"WebSite","@id":"https:\/\/www.svetilka-dom.si\/tinki-svetila\/#website","url":"https:\/\/www.svetilka-dom.si\/tinki-svetila\/","name":"Svetila Tinki","description":"Katalo\u0161ka prodaja svetil in Retro trgovina","publisher":{"@id":"https:\/\/www.svetilka-dom.si\/tinki-svetila\/#organization"},"potentialAction":[{"@type":"SearchAction","target":{"@type":"EntryPoint","urlTemplate":"https:\/\/www.svetilka-dom.si\/tinki-svetila\/?s={search_term_string}"},"query-input":{"@type":"PropertyValueSpecification","valueRequired":true,"valueName":"search_term_string"}}],"inLanguage":"sl-SI"},{"@type":"Organization","@id":"https:\/\/www.svetilka-dom.si\/tinki-svetila\/#organization","name":"TINKI, Tilen \u0160enk s.p.","url":"https:\/\/www.svetilka-dom.si\/tinki-svetila\/","logo":{"@type":"ImageObject","inLanguage":"sl-SI","@id":"https:\/\/www.svetilka-dom.si\/tinki-svetila\/#\/schema\/logo\/image\/","url":"https:\/\/www.svetilka-dom.si\/tinki-svetila\/wp-content\/uploads\/2017\/04\/tinki-logo_100.png","contentUrl":"https:\/\/www.svetilka-dom.si\/tinki-svetila\/wp-content\/uploads\/2017\/04\/tinki-logo_100.png","width":100,"height":47,"caption":"TINKI, Tilen \u0160enk s.p."},"image":{"@id":"https:\/\/www.svetilka-dom.si\/tinki-svetila\/#\/schema\/logo\/image\/"}}]}},"_links":{"self":[{"href":"https:\/\/www.svetilka-dom.si\/tinki-svetila\/wp-json\/wp\/v2\/pages\/2832","targetHints":{"allow":["GET"]}}],"collection":[{"href":"https:\/\/www.svetilka-dom.si\/tinki-svetila\/wp-json\/wp\/v2\/pages"}],"about":[{"href":"https:\/\/www.svetilka-dom.si\/tinki-svetila\/wp-json\/wp\/v2\/types\/page"}],"author":[{"embeddable":true,"href":"https:\/\/www.svetilka-dom.si\/tinki-svetila\/wp-json\/wp\/v2\/users\/1"}],"replies":[{"embeddable":true,"href":"https:\/\/www.svetilka-dom.si\/tinki-svetila\/wp-json\/wp\/v2\/comments?post=2832"}],"version-history":[{"count":0,"href":"https:\/\/www.svetilka-dom.si\/tinki-svetila\/wp-json\/wp\/v2\/pages\/2832\/revisions"}],"up":[{"embeddable":true,"href":"https:\/\/www.svetilka-dom.si\/tinki-svetila\/wp-json\/wp\/v2\/pages\/2775"}],"wp:attachment":[{"href":"https:\/\/www.svetilka-dom.si\/tinki-svetila\/wp-json\/wp\/v2\/media?parent=2832"}],"curies":[{"name":"wp","href":"https:\/\/api.w.org\/{rel}","templated":true}]}}