{"id":2983,"date":"2018-12-08T10:10:24","date_gmt":"2018-12-08T09:10:24","guid":{"rendered":"https:\/\/www.svetilka-dom.si\/tinki-svetila\/?page_id=2983"},"modified":"2018-12-08T10:40:33","modified_gmt":"2018-12-08T09:40:33","slug":"placilo-in-dostava","status":"publish","type":"page","link":"https:\/\/www.svetilka-dom.si\/tinki-svetila\/placilo-in-dostava\/","title":{"rendered":"Pla\u010dilo in dostava"},"content":{"rendered":"<div class=\"elementor-element elementor-element-7346d875 elementor-widget elementor-widget-text-editor\" data-id=\"7346d875\" data-element_type=\"text-editor.default\">\n<div class=\"elementor-widget-container\">\n<div class=\"elementor-text-editor elementor-clearfix\">\n<h2>PLA\u010cILO IN DOSTAVA<\/h2>\n<p>&nbsp;<\/p>\n<p><strong>1. Minimalna vrednost naro\u010dila<br \/>\n<\/strong><\/p>\n<p><strong>2. Mo\u017enosti pla\u010dila<\/strong><\/p>\n<p>Pri nakupu na spletni strani Retro trgovina Tinki ali Svetila Tinki lahko kupec pla\u010da naro\u010dilo\u00a0preko spletnega pla\u010dilnega naloga z nakazilom na ban\u010dni ra\u010dun podjetja TINKI, Tilen \u0160enk s.p. po povzetku naro\u010dila, ki ga prejme na elektronski naslov. Pla\u010dilo izvede preko svojega elektronskega ban\u010dnega ra\u010duna na ra\u010dun \u0161t. SI56 2900 0005 0083 091 odprt pri Unicredit Banki. Pri pla\u010dilu navede \u0161t. naro\u010dila. Izbrane izdelke bo prodajalec poslal na kup\u010dev naslov takoj, v dobavnem roku ozna\u010denem pri opisu izdelka ali po dogovoru po prejetju nakazila ali potrdilu pla\u010dila.<\/p>\n<p>&nbsp;<\/p>\n<p><strong>3. Mo\u017enosti in stro\u0161ki dostave<\/strong><strong><br \/>\n<\/strong><\/p>\n<p><em>3.1 Oblazinjena kuverta ali paket<\/em><\/p>\n<p>Manj\u0161a naro\u010dila robustnih izdelkov bodo odpremljena v oblazinjenem pismu. Ve\u010dje, te\u017eje ali bolj krhke izdelke odpremljamo kot paket.<\/p>\n<p>Stro\u0161ek dostave je 22,00 do 32,00 \u20ac te\u017ee nakupovalnega vozi\u010dka, oziroma do 50 kg skupne te\u017ee izdelkov. Stro\u0161ek dostave je enoten za celo Slovenijo. Dodatnih stro\u0161kov ni.<\/p>\n<p><em>3.2 Osebni prevzem<\/em><\/p>\n<p>Naro\u010dene izdelke lahko tudi kupec prevzame na sede\u017eu podjetja. Po oddanem spletnem naro\u010dilu, kjer ste za na\u010din dostave\/prevzema ozna\u010dili osebni prevzem, bomo za va\u0161a naro\u010dila blago pripravili v dogovorjenem dobavnem roku. Takoj, ko so izdelki pripravljeni, vas bomo o tem obvestili z elektronsko po\u0161to, SMS sporo\u010dilom, ali s klicem na va\u0161o telefonsko \u0161tevilko. Pri tem je potrebno upo\u0161tevati, da se lahko za osebni prevzem \u010daka ve\u010d dni.<\/p>\n<p>&nbsp;<\/p>\n<p class=\"rte\"><strong>4. \u010cas in na\u010din dostave<\/strong><\/p>\n<p class=\"rte\">Naro\u010deni izdelki bodo na va\u0161 naslov odpremljeni v najkraj\u0161em mo\u017enem \u010dasu. Pri pla\u010dilu z ban\u010dnim nakazilom bo naro\u010deno blago odpremljeno \u0161ele po prejemu pla\u010dila na ban\u010dni ra\u010dun. Dostavo nakupov, opravljenih na spletni strani Retro trgovina Tinki ali Svetila Tinki, izvaja Po\u0161ta Slovenije. Pogodbeni partner po\u0161iljke dostavlja v dopoldanskih urah. \u010ce paketa v nekaj dneh od odpreme ne prejmete, vas prosimo, da nas o tem nemudoma obvestite. Zavezujemo se, da bomo ugotovili vzroke za zamudo in vas o tem obvestili. Ob prevzemu morate pregledati vsebino paketa in nas v primeru neskladnosti obvestiti. V kolikor se je blago med dostavo po\u0161kodovalo ali uni\u010dilo, vas prosimo, da nam prejeto po\u0161iljko po\u0161ljete, mi pa vam bomo zagotovili nadomestno po\u0161iljko.<\/p>\n<p>&nbsp;<\/p>\n<\/div>\n<\/div>\n<p>Zadnja sprememba: 06.12. 2018<\/p>\n<\/div>\n","protected":false},"excerpt":{"rendered":"<p>PLA\u010cILO IN DOSTAVA &nbsp; 1. Minimalna vrednost naro\u010dila 2. Mo\u017enosti pla\u010dila Pri nakupu na spletni strani Retro trgovina Tinki ali Svetila Tinki lahko kupec pla\u010da naro\u010dilo\u00a0preko spletnega pla\u010dilnega naloga z nakazilom na ban\u010dni ra\u010dun podjetja TINKI, Tilen \u0160enk s.p. po povzetku naro\u010dila, ki ga prejme na elektronski naslov. Pla\u010dilo izvede preko svojega elektronskega ban\u010dnega ra\u010duna [&hellip;]<\/p>\n","protected":false},"author":1,"featured_media":0,"parent":0,"menu_order":0,"comment_status":"closed","ping_status":"closed","template":"","meta":{"footnotes":""},"class_list":["post-2983","page","type-page","status-publish","hentry"],"acf":[],"yoast_head":"<!-- This site is optimized with the Yoast SEO plugin v25.6 - https:\/\/yoast.com\/wordpress\/plugins\/seo\/ -->\n<title>Pla\u010dilo in dostava - Svetila Tinki<\/title>\n<meta name=\"robots\" content=\"index, follow, max-snippet:-1, max-image-preview:large, max-video-preview:-1\" \/>\n<link rel=\"canonical\" href=\"https:\/\/www.svetilka-dom.si\/tinki-svetila\/placilo-in-dostava\/\" \/>\n<meta property=\"og:locale\" content=\"sl_SI\" \/>\n<meta property=\"og:type\" content=\"article\" \/>\n<meta property=\"og:title\" content=\"Pla\u010dilo in dostava - Svetila Tinki\" \/>\n<meta property=\"og:description\" content=\"PLA\u010cILO IN DOSTAVA &nbsp; 1. Minimalna vrednost naro\u010dila 2. Mo\u017enosti pla\u010dila Pri nakupu na spletni strani Retro trgovina Tinki ali Svetila Tinki lahko kupec pla\u010da naro\u010dilo\u00a0preko spletnega pla\u010dilnega naloga z nakazilom na ban\u010dni ra\u010dun podjetja TINKI, Tilen \u0160enk s.p. po povzetku naro\u010dila, ki ga prejme na elektronski naslov. Pla\u010dilo izvede preko svojega elektronskega ban\u010dnega ra\u010duna [&hellip;]\" \/>\n<meta property=\"og:url\" content=\"https:\/\/www.svetilka-dom.si\/tinki-svetila\/placilo-in-dostava\/\" \/>\n<meta property=\"og:site_name\" content=\"Svetila Tinki\" \/>\n<meta property=\"article:modified_time\" content=\"2018-12-08T09:40:33+00:00\" \/>\n<meta name=\"twitter:card\" content=\"summary_large_image\" \/>\n<meta name=\"twitter:label1\" content=\"Est. reading time\" \/>\n\t<meta name=\"twitter:data1\" content=\"2 minuti\" \/>\n<script type=\"application\/ld+json\" class=\"yoast-schema-graph\">{\"@context\":\"https:\/\/schema.org\",\"@graph\":[{\"@type\":\"WebPage\",\"@id\":\"https:\/\/www.svetilka-dom.si\/tinki-svetila\/placilo-in-dostava\/\",\"url\":\"https:\/\/www.svetilka-dom.si\/tinki-svetila\/placilo-in-dostava\/\",\"name\":\"Pla\u010dilo in dostava - Svetila Tinki\",\"isPartOf\":{\"@id\":\"https:\/\/www.svetilka-dom.si\/tinki-svetila\/#website\"},\"datePublished\":\"2018-12-08T09:10:24+00:00\",\"dateModified\":\"2018-12-08T09:40:33+00:00\",\"breadcrumb\":{\"@id\":\"https:\/\/www.svetilka-dom.si\/tinki-svetila\/placilo-in-dostava\/#breadcrumb\"},\"inLanguage\":\"sl-SI\",\"potentialAction\":[{\"@type\":\"ReadAction\",\"target\":[\"https:\/\/www.svetilka-dom.si\/tinki-svetila\/placilo-in-dostava\/\"]}]},{\"@type\":\"BreadcrumbList\",\"@id\":\"https:\/\/www.svetilka-dom.si\/tinki-svetila\/placilo-in-dostava\/#breadcrumb\",\"itemListElement\":[{\"@type\":\"ListItem\",\"position\":1,\"name\":\"Home\",\"item\":\"https:\/\/www.svetilka-dom.si\/tinki-svetila\/\"},{\"@type\":\"ListItem\",\"position\":2,\"name\":\"Pla\u010dilo in dostava\"}]},{\"@type\":\"WebSite\",\"@id\":\"https:\/\/www.svetilka-dom.si\/tinki-svetila\/#website\",\"url\":\"https:\/\/www.svetilka-dom.si\/tinki-svetila\/\",\"name\":\"Svetila Tinki\",\"description\":\"Katalo\u0161ka prodaja svetil in Retro trgovina\",\"publisher\":{\"@id\":\"https:\/\/www.svetilka-dom.si\/tinki-svetila\/#organization\"},\"potentialAction\":[{\"@type\":\"SearchAction\",\"target\":{\"@type\":\"EntryPoint\",\"urlTemplate\":\"https:\/\/www.svetilka-dom.si\/tinki-svetila\/?s={search_term_string}\"},\"query-input\":{\"@type\":\"PropertyValueSpecification\",\"valueRequired\":true,\"valueName\":\"search_term_string\"}}],\"inLanguage\":\"sl-SI\"},{\"@type\":\"Organization\",\"@id\":\"https:\/\/www.svetilka-dom.si\/tinki-svetila\/#organization\",\"name\":\"TINKI, Tilen \u0160enk s.p.\",\"url\":\"https:\/\/www.svetilka-dom.si\/tinki-svetila\/\",\"logo\":{\"@type\":\"ImageObject\",\"inLanguage\":\"sl-SI\",\"@id\":\"https:\/\/www.svetilka-dom.si\/tinki-svetila\/#\/schema\/logo\/image\/\",\"url\":\"https:\/\/www.svetilka-dom.si\/tinki-svetila\/wp-content\/uploads\/2017\/04\/tinki-logo_100.png\",\"contentUrl\":\"https:\/\/www.svetilka-dom.si\/tinki-svetila\/wp-content\/uploads\/2017\/04\/tinki-logo_100.png\",\"width\":100,\"height\":47,\"caption\":\"TINKI, Tilen \u0160enk s.p.\"},\"image\":{\"@id\":\"https:\/\/www.svetilka-dom.si\/tinki-svetila\/#\/schema\/logo\/image\/\"}}]}<\/script>\n<!-- \/ Yoast SEO plugin. -->","yoast_head_json":{"title":"Pla\u010dilo in dostava - Svetila Tinki","robots":{"index":"index","follow":"follow","max-snippet":"max-snippet:-1","max-image-preview":"max-image-preview:large","max-video-preview":"max-video-preview:-1"},"canonical":"https:\/\/www.svetilka-dom.si\/tinki-svetila\/placilo-in-dostava\/","og_locale":"sl_SI","og_type":"article","og_title":"Pla\u010dilo in dostava - Svetila Tinki","og_description":"PLA\u010cILO IN DOSTAVA &nbsp; 1. Minimalna vrednost naro\u010dila 2. Mo\u017enosti pla\u010dila Pri nakupu na spletni strani Retro trgovina Tinki ali Svetila Tinki lahko kupec pla\u010da naro\u010dilo\u00a0preko spletnega pla\u010dilnega naloga z nakazilom na ban\u010dni ra\u010dun podjetja TINKI, Tilen \u0160enk s.p. po povzetku naro\u010dila, ki ga prejme na elektronski naslov. Pla\u010dilo izvede preko svojega elektronskega ban\u010dnega ra\u010duna [&hellip;]","og_url":"https:\/\/www.svetilka-dom.si\/tinki-svetila\/placilo-in-dostava\/","og_site_name":"Svetila Tinki","article_modified_time":"2018-12-08T09:40:33+00:00","twitter_card":"summary_large_image","twitter_misc":{"Est. reading time":"2 minuti"},"schema":{"@context":"https:\/\/schema.org","@graph":[{"@type":"WebPage","@id":"https:\/\/www.svetilka-dom.si\/tinki-svetila\/placilo-in-dostava\/","url":"https:\/\/www.svetilka-dom.si\/tinki-svetila\/placilo-in-dostava\/","name":"Pla\u010dilo in dostava - Svetila Tinki","isPartOf":{"@id":"https:\/\/www.svetilka-dom.si\/tinki-svetila\/#website"},"datePublished":"2018-12-08T09:10:24+00:00","dateModified":"2018-12-08T09:40:33+00:00","breadcrumb":{"@id":"https:\/\/www.svetilka-dom.si\/tinki-svetila\/placilo-in-dostava\/#breadcrumb"},"inLanguage":"sl-SI","potentialAction":[{"@type":"ReadAction","target":["https:\/\/www.svetilka-dom.si\/tinki-svetila\/placilo-in-dostava\/"]}]},{"@type":"BreadcrumbList","@id":"https:\/\/www.svetilka-dom.si\/tinki-svetila\/placilo-in-dostava\/#breadcrumb","itemListElement":[{"@type":"ListItem","position":1,"name":"Home","item":"https:\/\/www.svetilka-dom.si\/tinki-svetila\/"},{"@type":"ListItem","position":2,"name":"Pla\u010dilo in dostava"}]},{"@type":"WebSite","@id":"https:\/\/www.svetilka-dom.si\/tinki-svetila\/#website","url":"https:\/\/www.svetilka-dom.si\/tinki-svetila\/","name":"Svetila Tinki","description":"Katalo\u0161ka prodaja svetil in Retro trgovina","publisher":{"@id":"https:\/\/www.svetilka-dom.si\/tinki-svetila\/#organization"},"potentialAction":[{"@type":"SearchAction","target":{"@type":"EntryPoint","urlTemplate":"https:\/\/www.svetilka-dom.si\/tinki-svetila\/?s={search_term_string}"},"query-input":{"@type":"PropertyValueSpecification","valueRequired":true,"valueName":"search_term_string"}}],"inLanguage":"sl-SI"},{"@type":"Organization","@id":"https:\/\/www.svetilka-dom.si\/tinki-svetila\/#organization","name":"TINKI, Tilen \u0160enk s.p.","url":"https:\/\/www.svetilka-dom.si\/tinki-svetila\/","logo":{"@type":"ImageObject","inLanguage":"sl-SI","@id":"https:\/\/www.svetilka-dom.si\/tinki-svetila\/#\/schema\/logo\/image\/","url":"https:\/\/www.svetilka-dom.si\/tinki-svetila\/wp-content\/uploads\/2017\/04\/tinki-logo_100.png","contentUrl":"https:\/\/www.svetilka-dom.si\/tinki-svetila\/wp-content\/uploads\/2017\/04\/tinki-logo_100.png","width":100,"height":47,"caption":"TINKI, Tilen \u0160enk s.p."},"image":{"@id":"https:\/\/www.svetilka-dom.si\/tinki-svetila\/#\/schema\/logo\/image\/"}}]}},"_links":{"self":[{"href":"https:\/\/www.svetilka-dom.si\/tinki-svetila\/wp-json\/wp\/v2\/pages\/2983","targetHints":{"allow":["GET"]}}],"collection":[{"href":"https:\/\/www.svetilka-dom.si\/tinki-svetila\/wp-json\/wp\/v2\/pages"}],"about":[{"href":"https:\/\/www.svetilka-dom.si\/tinki-svetila\/wp-json\/wp\/v2\/types\/page"}],"author":[{"embeddable":true,"href":"https:\/\/www.svetilka-dom.si\/tinki-svetila\/wp-json\/wp\/v2\/users\/1"}],"replies":[{"embeddable":true,"href":"https:\/\/www.svetilka-dom.si\/tinki-svetila\/wp-json\/wp\/v2\/comments?post=2983"}],"version-history":[{"count":0,"href":"https:\/\/www.svetilka-dom.si\/tinki-svetila\/wp-json\/wp\/v2\/pages\/2983\/revisions"}],"wp:attachment":[{"href":"https:\/\/www.svetilka-dom.si\/tinki-svetila\/wp-json\/wp\/v2\/media?parent=2983"}],"curies":[{"name":"wp","href":"https:\/\/api.w.org\/{rel}","templated":true}]}}